{"id":4284,"date":"2023-07-17T22:07:00","date_gmt":"2023-07-17T21:07:00","guid":{"rendered":"https:\/\/www.goroka.tv\/legal\/"},"modified":"2023-07-20T09:44:48","modified_gmt":"2023-07-20T08:44:48","slug":"legal","status":"publish","type":"page","link":"https:\/\/www.goroka.tv\/ca\/legal\/","title":{"rendered":"Av\u00eds legal"},"content":{"rendered":"\n<p>Aquesta p\u00e0gina web \u00e9s propietat de GOROKA CONTENTS, S.L. (en endavant GOROKA) domicili a&nbsp; Carrer Pujades 79, C.P. 08005 de Barcelona, amb CIF n\u00fam. B63764476, e inscrita en el Registre Mercantil de Barcelona en el Tom 33.865,, Llibre 198, Foli B-233.969, Inscripci\u00f3 1\u00aa<\/p>\n\n\n\n<p>Per a qualsevol consulta o proposta, contacteu amb nosaltres pel correu-e <a href=\"mailto:info@goroka.tv\">info@goroka.tv<\/a> .&nbsp;<\/p>\n\n\n\n<p>Aquesta p\u00e0gina web es regeix per la normativa exclusivament aplicable a Espanya, i hi queden sotmesos tant nacionals com estrangers que utilitzin aquesta web.<\/p>\n\n\n\n<p>L\u2019acc\u00e9s a la nostra p\u00e0gina web per part de la PERSONA USU\u00c0RIA \u00e9s gratu\u00eft i est\u00e0 condicionat a la lectura pr\u00e8via i l\u2019acceptaci\u00f3 \u00cdntegra, expressa i sense reserves d\u2019aquestes CONDICIONS GENERALS D\u2019\u00daS vigents en el moment de l\u2019acc\u00e9s, que preguem que llegiu detingudament. La PERSONA USU\u00c0RIA, en el moment que utilitza el nostre portal, els seus continguts o serveis, accepta i se sotmet expressament a les seves Condicions generals d\u2019\u00fas. Si la PERSONA USU\u00c0RIA no estigu\u00e9s d\u2019acord amb aquestes condicions d\u2019\u00fas, ha d\u2019abstenir-se d\u2019utilitzar aquest portal i d\u2019operar per mitj\u00e0 d\u2019ell.<\/p>\n\n\n\n<p>El subministrament de dades personals a trav\u00e9s del nostre portal requereix una edat m\u00ednima de 14 anys o, si escau, disposar de prou capacitat jur\u00eddica per contractar.&nbsp;<\/p>\n\n\n\n<p>En qualsevol moment podrem modificar la presentaci\u00f3 i configuraci\u00f3 de la nostra web, ampliar o reduir serveis, i fins i tot suprimir-la de la xarxa, igual com els serveis i continguts prestats, i tot de manera unilateral i sense av\u00eds previ.<\/p>\n\n\n\n<p><strong>A. PROPIETAT INTEL\u00b7LECTUAL&nbsp;<\/strong><\/p>\n\n\n\n<p>Tots els continguts, textos, imatges i codis font s\u00f3n propietat de GOROKA&nbsp; o de tercers als quals s\u2019han adquirit els seus drets d\u2019explotaci\u00f3, i estan protegits pels drets de propietat intel\u00b7lectual i industrial.<\/p>\n\n\n\n<p>La PERSONA USU\u00c0RIA \u00fanicament t\u00e9 dret a usar-los privadament, sense \u00e0nim de lucre, i necessita autoritzaci\u00f3 expressa per modificar-los, reproduir-los, explotar-los, distribuir-los o exercir qualsevol dret pertanyent al seu titular.<\/p>\n\n\n\n<p>L\u2019establiment d\u2019enlla\u00e7os al nostre portal no confereix cap dret sobre aquest. Igualment, el simple fet d\u2019establir un enlla\u00e7 a la nostra p\u00e0gina web no dona dret a atorgar-se la categoria de col\u00b7laborador o soci.<\/p>\n\n\n\n<p>GOROKA queda exonerat de responsabilitat per qualsevol reclamaci\u00f3 respecte als drets de propietat intel\u00b7lectual dels articles i imatges publicades per tercers al seu portal.<\/p>\n\n\n\n<p>\u00c9s absolutament prohibida la imitaci\u00f3 tant total com parcial del nostre portal o l\u2019establiment d\u2019enlla\u00e7os a la nostra p\u00e0gina web sense l\u2019autoritzaci\u00f3 pr\u00e8via de GOROKA.<\/p>\n\n\n\n<p><strong>B. CONDICIONS D\u2019ACC\u00c9S I \u00daS<\/strong><\/p>\n\n\n\n<p>L\u2019acc\u00e9s a la nostra p\u00e0gina web \u00e9s gratu\u00eft i no exigeix subscripci\u00f3 o registre previ. Tanmateix, determinats serveis s\u00f3n d\u2019acc\u00e9s restringit a determinats usuaris i requereixen haver fet un proc\u00e9s de registre i\/o la identificaci\u00f3 mitjan\u00e7ant contrasenyes. Aquests serveis seran degudament identificats a la web.&nbsp;<\/p>\n\n\n\n<p>La tramesa de dades personals implica l\u2019acceptaci\u00f3 expressa per part de la PERSONA USU\u00c0RIA de la nostra pol\u00edtica de privacitat.<\/p>\n\n\n\n<p>La PERSONA USU\u00c0RIA ha d\u2019accedir a la nostra p\u00e0gina web conforme a la bona fe, les normes d\u2019ordre p\u00fablic i aquestes <em>Condicions generals d\u2019\u00fas<\/em>. L\u2019acc\u00e9s al nostre lloc web es fa sota la pr\u00f2pia i exclusiva responsabilitat de la PERSONA USU\u00c0RIA, que respondr\u00e0, si escau, dels danys i perjudicis que pugui causar a tercers o a nosaltres mateixos.<\/p>\n\n\n\n<p>La PERSONA USU\u00c0RIA t\u00e9 expressament prohibida la utilitzaci\u00f3 i obtenci\u00f3 dels serveis i continguts oferts en aquesta p\u00e0gina web per procediments diferents dels estipulats en aquestes condicions d\u2019\u00fas.<\/p>\n\n\n\n<p>La PERSONA USU\u00c0RIA t\u00e9 prohibida qualsevol mena d\u2019acci\u00f3 sobre el nostre portal que origini una excessiva sobrec\u00e0rrega de funcionament als nostres sistemes inform\u00e0tics, igual com la introducci\u00f3 de virus, o instal\u00b7laci\u00f3 de robots, o programari que alteri el normal funcionament de la nostra web, o en definitiva pugui causar danys als nostres sistemes inform\u00e0tics.<\/p>\n\n\n\n<p>Tenint en compte la impossibilitat de control pel que fa a la informaci\u00f3, continguts i serveis que continguin p\u00e0gines webs de tercers disponibles des de la nostra p\u00e0gina web, li comuniquem que GOROKA no es fa responsable dels mateixos, sense perjudici de que intentar\u00e0, en la mesura del possible, vetllar per la seva legalitat.&nbsp;<\/p>\n\n\n\n<p>GOROKA es reserva el dret a donar de baixa a qualsevol PERSONA USU\u00c0RIA que l\u2019organitzaci\u00f3 entengui que ha vulnerat les condiciones que regeixen l\u2019\u00fas de la nostra p\u00e0gina web. Aix\u00ed mateix, es reserva el dret d\u2019exercitar les accions legals oportunes contra aquells que vulneren les presents condicions generals d\u2019\u00fas.&nbsp;<\/p>\n\n\n\n<p><strong>C. POL\u00cdTICA DE PRIVACITAT<\/strong><\/p>\n\n\n\n<p>La confidencialitat i la seguretat s\u00f3n valors primordials de GOROKA i, en conseq\u00fc\u00e8ncia, assumim el comprom\u00eds de garantir la privacitat de la PERSONA USU\u00c0RIA en tot moment i de no recaptar informaci\u00f3 innecess\u00e0ria.&nbsp;<\/p>\n\n\n\n<p>El subministrament de dades personals a trav\u00e9s del nostre portal requereix una edat m\u00ednima de 14 anys i l\u2019acceptaci\u00f3 expressa de la nostra Pol\u00edtica de privacitat.<\/p>\n\n\n\n<p><strong>D. RESPONSABILITATS<\/strong><\/p>\n\n\n\n<p>En posar a disposici\u00f3 de la PERSONA USU\u00c0RIA aquesta p\u00e0gina web volem oferir-li un servei de qualitat, amb la m\u00e0xima dilig\u00e8ncia en el moment de prestar-lo, i tamb\u00e9 en els mitjans tecnol\u00f2gics utilitzats. No obstant aix\u00f2 ,GOROKA no garanteix que la disponibilitat del servei sigui continua i ininterrompuda, per circumst\u00e0ncies originades per problemes a la xarxa d\u2019internet, averies en els dispositius inform\u00e0tics o altres circumst\u00e0ncies imprevisibles, de manera que la PERSONA USU\u00c0RIA accepta suportar dins uns l\u00edmits raonables aquestes circumst\u00e0ncies.&nbsp;<\/p>\n\n\n\n<p>Aquesta p\u00e0gina web, llevat del que estigui regulat, en el seu cas, per algunes condicions d\u2019\u00fas espec\u00edfiques, \u00e9s purament informativa i de presentaci\u00f3 corporativa dels nostres productes i serveis, pel que GOROKAno es responsabilitza per les expectatives de qualsevol tipus que pugui generar a la PERSONA USU\u00c0RIA.<\/p>\n\n\n\n<p>Tot el que fa refer\u00e8ncia a la nostra p\u00e0gina web es regeix exclusivament per les lleis espanyoles. En el cas que es produeixi qualsevol mena de discrep\u00e0ncia o difer\u00e8ncia entre les parts en relaci\u00f3 amb la interpretaci\u00f3 i contingut d\u2019aquesta p\u00e0gina web, totes les parts se sotmeten als jutjats i tribunals que legalment corresponguin.<\/p>\n\n\n\n<p><strong>E. VIG\u00c8NCIA DE LES CONDICIONS GENERALES D\u2019ACC\u00c9S A LA WEB<\/strong><\/p>\n\n\n\n<p>Aquestes Condicions generals d\u2019\u00fas han estat modificades el dia 06\/07\/2023. En qualsevol moment podem modificar-les. Si us plau, comproveu la data d\u2019emissi\u00f3 cada vegada que us connecteu a la nostra p\u00e0gina web i aix\u00ed tindreu la certesa que no s\u2019ha produ\u00eft cap modificaci\u00f3 que us afecti.<\/p>\n\n\n\n<p>Per a qualsevol q\u00fcesti\u00f3 respecte a les condicions d\u2019\u00fas de la nostra p\u00e0gina web, podeu posar-vos en contacte amb nosaltres usant les dades indicades m\u00e9s amunt, o amb Lant Abogados a <a href=\"mailto:info@lant-abogados.com\">info@lant-abogados.com<\/a> o <a href=\"https:\/\/www.lant-abogados.com\/\">https:\/\/www.lant-abogados.com\/<\/a>.<\/p>\n","protected":false},"excerpt":{"rendered":"Aquesta p\u00e0gina web \u00e9s propietat de GOROKA CONTENTS, S.L. (en endavant GOROKA) domicili a&nbsp; Carrer Pujades 79, C.P. 08005 de Barcelona, amb CIF n\u00fam. B63764476, e inscrita en el Registre Mercantil de Barcelona en el Tom 33.865,, Llibre 198, Foli B-233.969, Inscripci\u00f3 1\u00aa Per a qualsevol consulta o proposta, contacteu amb nosaltres pel correu-e info@goroka.tv&#8230;","protected":false},"author":14,"featured_media":0,"parent":0,"menu_order":0,"comment_status":"closed","ping_status":"closed","template":"","meta":[],"acf":[],"_links":{"self":[{"href":"https:\/\/www.goroka.tv\/ca\/wp-json\/wp\/v2\/pages\/4284"}],"collection":[{"href":"https:\/\/www.goroka.tv\/ca\/wp-json\/wp\/v2\/pages"}],"about":[{"href":"https:\/\/www.goroka.tv\/ca\/wp-json\/wp\/v2\/types\/page"}],"author":[{"embeddable":true,"href":"https:\/\/www.goroka.tv\/ca\/wp-json\/wp\/v2\/users\/14"}],"replies":[{"embeddable":true,"href":"https:\/\/www.goroka.tv\/ca\/wp-json\/wp\/v2\/comments?post=4284"}],"version-history":[{"count":1,"href":"https:\/\/www.goroka.tv\/ca\/wp-json\/wp\/v2\/pages\/4284\/revisions"}],"predecessor-version":[{"id":4286,"href":"https:\/\/www.goroka.tv\/ca\/wp-json\/wp\/v2\/pages\/4284\/revisions\/4286"}],"wp:attachment":[{"href":"https:\/\/www.goroka.tv\/ca\/wp-json\/wp\/v2\/media?parent=4284"}],"curies":[{"name":"wp","href":"https:\/\/api.w.org\/{rel}","templated":true}]}}