{"id":4306,"date":"2023-07-20T10:32:46","date_gmt":"2023-07-20T09:32:46","guid":{"rendered":"https:\/\/www.goroka.tv\/?page_id=4306"},"modified":"2023-07-22T18:34:17","modified_gmt":"2023-07-22T17:34:17","slug":"cookies","status":"publish","type":"page","link":"https:\/\/www.goroka.tv\/ca\/cookies\/","title":{"rendered":"Av\u00eds de cookies"},"content":{"rendered":"\n<p><strong>Qu\u00e8 s\u00f3n les cookies?<\/strong><\/p>\n\n\n\n<p>Les cookies s\u00f3n petits arxius de dades que es reben en el terminal des del lloc web visitat i s&#8217;usen per a registrar certes interaccions de la navegaci\u00f3 en un lloc web emmagatzemant dades que podran ser actualitzats i recuperats. Aquests arxius s&#8217;emmagatzemen en l&#8217;ordinador de l&#8217;usuari i cont\u00e9 dades an\u00f2nimes que no s\u00f3n perjudicials per al seu equip. S&#8217;utilitzen per a recordar les prefer\u00e8ncies de l&#8217;usuari, com l&#8217;idioma seleccionat, dades d&#8217;acc\u00e9s o personalitzaci\u00f3 de la p\u00e0gina.<\/p>\n\n\n\n<p>Les Cookies tamb\u00e9 poden ser utilitzades per a registrar informaci\u00f3 an\u00f2nima sobre com un visitant utilitza un lloc. Per exemple, des de quina p\u00e0gina Web ha accedit, o si ha utilitzat un &#8220;b\u00e0ner&#8221; publicitari per a arribar.<\/p>\n\n\n\n<p><strong>Quin \u00fas li donem als diferents tipus de cookies?<\/strong><\/p>\n\n\n\n<p><br><strong>Segons la seva finalitat:<\/strong><\/p>\n\n\n\n<figure class=\"wp-block-table\"><table><tbody><tr><td><br><br><br><br><strong>Cookies t\u00e8cniques<\/strong><\/td><td><br>Les cookies t\u00e8cniques s\u00f3n aquelles faciliten la navegaci\u00f3 de l&#8217;usuari i la utilitzaci\u00f3 de les diferents opcions o serveis que ofereix la web com identificar la sessi\u00f3, permetre l&#8217;acc\u00e9s a determinades \u00e0rees, facilitar comandes, compres, emplenament de formularis, inscripcions, seguretat, facilitar funcionalitats (v\u00eddeos, xarxes socials\u2026).<br><\/td><\/tr><tr><td><br><br><strong>Cookies de personalitzaci\u00f3<\/strong><\/td><td><br>Les cookies de personalitzaci\u00f3 permeten a l&#8217;usuari accedir als serveis segons les seves prefer\u00e8ncies (idioma, navegador, configuraci\u00f3\u2026). Las cookies de personalitzaci\u00f3 permeten a l\u2019usuari.&nbsp;<\/td><\/tr><tr><td><br><br><br><strong>Cookies anal\u00edtiques<\/strong><\/td><td><br>Les cookies d&#8217;an\u00e0lisis s\u00f3n les utilitzades per a dur a terme l&#8217;an\u00e0lisi an\u00f2nima del comportament dels usuaris de la web i que permeten mesurar l&#8217;activitat de l&#8217;usuari i elaborar perfils de navegaci\u00f3 amb la fi objectiva de millorar els llocs web.<br><br><\/td><\/tr><tr><td><br><br><br><br><strong>Cookies publicit\u00e0ries<\/strong><\/td><td><br>Les cookies publicit\u00e0ries permeten la gesti\u00f3 dels espais publicitaris de la web. A m\u00e9s, aquestes cookies poden ser de publicitat personalitzada i permetre aix\u00ed la gesti\u00f3 dels espais publicitaris de la web sobre la base del comportament i h\u00e0bits de navegaci\u00f3 d&#8217;usuari, d&#8217;on s&#8217;obt\u00e9 el seu perfil i permeten personalitzar la publicitat que es mostra en el navegador de l&#8217;usuari o altres perfils i xarxes socials de l&#8217;usuari.<\/td><\/tr><\/tbody><\/table><\/figure>\n\n\n\n<p><br><strong>Segons el seu termini:<\/strong><\/p>\n\n\n\n<figure class=\"wp-block-table\"><table><tbody><tr><td><strong>Cookies de sessi\u00f3<\/strong><\/td><td><br>Les cookies de sessi\u00f3 s\u00f3n aquelles que duren el temps que l&#8217;usuari est\u00e0 navegant per la p\u00e0gina Web i s&#8217;esborren en tancar el navegador.<br><br><br><\/td><\/tr><tr><td><strong>Cookies persistents<\/strong><\/td><td><br>Aquestes cookies queden emmagatzemades en el terminal de l&#8217;usuari fins que s\u00f3n eliminades manualment o hagi concl\u00f2s el per\u00edode de durada establert per a aquesta cookie.<br><\/td><\/tr><\/tbody><\/table><\/figure>\n\n\n\n<p><br><strong>Segons la seva titularitat:&nbsp;<\/strong><\/p>\n\n\n\n<figure class=\"wp-block-table\"><table><tbody><tr><td><br><strong>Cookies pr\u00f2pies&nbsp;<\/strong><\/td><td><br>Aquelles que s&#8217;envien a l&#8217;equip terminal de l&#8217;usuari des d&#8217;un equip o domini gestionat pel propi editor i des del qual es presta el servei sol\u00b7licitat per l&#8217;usuari.<br><\/td><\/tr><tr><td><br><br><strong>Cookies de tercers<\/strong><\/td><td><br>Aquelles que s&#8217;envien a l&#8217;equip terminal de l&#8217;usuari des d&#8217;un equip o domini que no \u00e9s gestionat per l&#8217;editor, sin\u00f3 per una altra entitat que tracta les dades obtingudes trav\u00e9s de les cookies.<br><\/td><\/tr><\/tbody><\/table><\/figure>\n\n\n\n<p><br><strong>La seg\u00fcent taula recull la classificaci\u00f3 i descripci\u00f3 de les cookies utilitzades en la present p\u00e0gina web perqu\u00e8 puguis identificar-les en el teu navegador:<\/strong><\/p>\n\n\n\n<div class=\"cky-audit-table-element\"><\/div>\n\n\n\n<p>Goroka.tv utilitza cookies t\u00e8cniques, de personalitzaci\u00f3, an\u00e0lisis (i publicit\u00e0ries) pr\u00f2pies i de tercers, que tracten dades de connexi\u00f3 i\/o dispositiu, aix\u00ed com h\u00e0bits de navegaci\u00f3 per a finalitats estad\u00edstiques (i publicit\u00e0ries).\u00a0<\/p>\n\n\n\n<p>Per aix\u00f2, al accedir a la nostra web, en compliment de l\u2019article 22 de la Llei de Serveis de la Societat de la Informaci\u00f3 li hem sol\u00b7licitat el seu consentiment per al seu \u00fas.&nbsp;<\/p>\n\n\n\n<p>El subministrament de dades personals a trav\u00e9s del nostre portal i el consentiment per a l\u2019\u00fas de cookies requereix una edat m\u00ednima de 14 anys i l\u2019acceptaci\u00f3 expressa de la nostra Pol\u00edtica de Privacitat.&nbsp;<\/p>\n\n\n\n<p><br><strong>De totes maneres, li informem que pot activar o desactivar les cookies&nbsp; seguint les instruccions del seu navegador d\u2019Internet:&nbsp;<\/strong><\/p>\n\n\n\n<figure class=\"wp-block-table\"><table><tbody><tr><td><strong>Chrome<\/strong><br><\/td><td>Configuraci\u00f3 -&gt; Mostrar opcions avan\u00e7ades -&gt; Privacitat -&gt; Configuraci\u00f3 de contingut.<\/td><td><a href=\"https:\/\/support.google.com\">support.google.com<\/a><br><\/td><td><br><\/td><\/tr><tr><td><br><strong>Firefox<\/strong><br><\/td><td>Eines -&gt; Opcions -&gt; Privacitat -&gt; Historial -&gt; Configuraci\u00f3 Personalitzada.<\/td><td><a href=\"https:\/\/support.mozilla.org\">support.mozilla.org<\/a><\/td><td><br><\/td><\/tr><tr><td><strong>Internet Explorer<\/strong><br><\/td><td><br>Eines -&gt; Opcions d\u2019Internet -&gt; Privacitat -&gt; Configuraci\u00f3.<br><\/td><td><a href=\"https:\/\/windows.microsoft.com\">windows.microsoft.com<\/a><\/td><td><br><\/td><\/tr><tr><td><strong>Opera<\/strong><br><\/td><td><br>Eines -&gt; Prefer\u00e8ncies -&gt; Editar prefer\u00e8ncies -&gt; Cookies.<br><\/td><td><a href=\"http:\/\/www.opera.com\/help\/tutorials\/security\/cookies\/\">http:\/\/www.opera.com\/help\/tutorials\/security\/cookies\/<\/a><\/td><td><br><\/td><\/tr><tr><td><br><strong>Safari<\/strong><br><\/td><td><br>Prefer\u00e8ncies -&gt; Seguretat.<br><\/td><td><a href=\"http:\/\/www.apple.com\">http:\/\/www.apple.com<\/a><\/td><td><br><\/td><\/tr><tr><td><strong>Edge<\/strong><br><\/td><td><br>Configuraci\u00f3 -&gt; Veure configuraci\u00f3 avan\u00e7ada -&gt; Privacitat i serveis -&gt; Cookies.<br><\/td><td><a href=\"https:\/\/privacy.microsoft.com\/es-es\/windows-10-microsoft-edge-and-privacy\">https:\/\/privacy.microsoft.com\/es-es\/windows-10-microsoft-edge-and-privacy<\/a><br><\/td><td><br><\/td><\/tr><\/tbody><\/table><\/figure>\n","protected":false},"excerpt":{"rendered":"Qu\u00e8 s\u00f3n les cookies? Les cookies s\u00f3n petits arxius de dades que es reben en el terminal des del lloc web visitat i s&#8217;usen per a registrar certes interaccions de la navegaci\u00f3 en un lloc web emmagatzemant dades que podran ser actualitzats i recuperats. Aquests arxius s&#8217;emmagatzemen en l&#8217;ordinador de l&#8217;usuari i cont\u00e9 dades an\u00f2nimes&#8230;","protected":false},"author":14,"featured_media":0,"parent":0,"menu_order":0,"comment_status":"closed","ping_status":"closed","template":"","meta":[],"acf":[],"_links":{"self":[{"href":"https:\/\/www.goroka.tv\/ca\/wp-json\/wp\/v2\/pages\/4306"}],"collection":[{"href":"https:\/\/www.goroka.tv\/ca\/wp-json\/wp\/v2\/pages"}],"about":[{"href":"https:\/\/www.goroka.tv\/ca\/wp-json\/wp\/v2\/types\/page"}],"author":[{"embeddable":true,"href":"https:\/\/www.goroka.tv\/ca\/wp-json\/wp\/v2\/users\/14"}],"replies":[{"embeddable":true,"href":"https:\/\/www.goroka.tv\/ca\/wp-json\/wp\/v2\/comments?post=4306"}],"version-history":[{"count":3,"href":"https:\/\/www.goroka.tv\/ca\/wp-json\/wp\/v2\/pages\/4306\/revisions"}],"predecessor-version":[{"id":4337,"href":"https:\/\/www.goroka.tv\/ca\/wp-json\/wp\/v2\/pages\/4306\/revisions\/4337"}],"wp:attachment":[{"href":"https:\/\/www.goroka.tv\/ca\/wp-json\/wp\/v2\/media?parent=4306"}],"curies":[{"name":"wp","href":"https:\/\/api.w.org\/{rel}","templated":true}]}}