{"id":4307,"date":"2023-07-20T10:23:41","date_gmt":"2023-07-20T09:23:41","guid":{"rendered":"https:\/\/www.goroka.tv\/?page_id=4307"},"modified":"2023-07-22T18:34:07","modified_gmt":"2023-07-22T17:34:07","slug":"cookies","status":"publish","type":"page","link":"https:\/\/www.goroka.tv\/es\/cookies\/","title":{"rendered":"Pol\u00edtica de cookies"},"content":{"rendered":"\n<p><strong>\u00bfQu\u00e9 son las cookies?&nbsp;<\/strong><\/p>\n\n\n\n<p>Las cookies son peque\u00f1os archivos de datos que se reciben en el terminal desde el sitio Web visitado y se usan para registrar ciertas interacciones de la navegaci\u00f3n en un sitio Web almacenando datos que podr\u00e1n ser actualizados y recuperados. Estos archivos se almacenan en el ordenador del usuario y contiene datos an\u00f3nimos que no son perjudiciales para su equipo. Se utilizan para recordar las preferencias del usuario, como el idioma seleccionado, datos de acceso o personalizaci\u00f3n de la p\u00e1gina.&nbsp;<\/p>\n\n\n\n<p>Las Cookies tambi\u00e9n pueden ser utilizadas para registrar informaci\u00f3n an\u00f3nima acerca de c\u00f3mo un visitante utiliza un sitio. Por ejemplo, desde qu\u00e9 p\u00e1gina Web ha accedido, o si ha utilizado un \u00abbanner\u00bb publicitario para llegar.&nbsp;<\/p>\n\n\n\n<p><strong>\u00bfQu\u00e9 uso le damos a los diferentes tipos de cookies?<\/strong><\/p>\n\n\n\n<p><br><strong>Seg\u00fan su finalidad:<\/strong><\/p>\n\n\n\n<figure class=\"wp-block-table\"><table><tbody><tr><td><br><br><br><br><strong>Cookies t\u00e9cnicas<\/strong><\/td><td><br>Las cookies t\u00e9cnicas son aquellas facilitan la navegaci\u00f3n del usuario y la utilizaci\u00f3n de las diferentes opciones o servicios que ofrece la web como identificar la sesi\u00f3n, permitir el acceso a determinadas \u00e1reas, facilitar pedidos, compras, cumplimentaci\u00f3n de formularios, inscripciones, seguridad, facilitar funcionalidades (videos, redes sociales\u2026).<br><\/td><\/tr><tr><td><br><br><strong>Cookies de personalizaci\u00f3n<\/strong><\/td><td><br>Las cookies de personalizaci\u00f3n permiten al usuario acceder a los servicios seg\u00fan sus preferencias (idioma, navegador, configuraci\u00f3n\u2026).<br><\/td><\/tr><tr><td><br><br><strong>Cookies anal\u00edticas<\/strong><\/td><td><br>Las cookies de an\u00e1lisis son las utilizadas para llevar a cabo el an\u00e1lisis an\u00f3nimo del comportamiento de los usuarios de la web y que permiten medir la actividad del usuario y elaborar perfiles de navegaci\u00f3n con el fin objetivo de mejorar los sitios web.<br><\/td><\/tr><tr><td><br><br><br><br><strong>Cookies publicitarias<\/strong><\/td><td><br>Las cookies publicitarias permiten la gesti\u00f3n de los espacios publicitarios de la web. Adem\u00e1s, estas cookies pueden ser de publicidad personalizada y permitir as\u00ed la gesti\u00f3n de los espacios publicitarios de la web en base al comportamiento y h\u00e1bitos de navegaci\u00f3n de usuario, de donde se obtiene su perfil y permiten personalizar la publicidad que se muestra en el navegador del usuario u otros perfiles y redes sociales del usuario.<br><\/td><\/tr><\/tbody><\/table><\/figure>\n\n\n\n<p><br><strong>Seg\u00fan su plazo:<\/strong><\/p>\n\n\n\n<figure class=\"wp-block-table\"><table><tbody><tr><td><br><strong>Cookies de sesi\u00f3n<\/strong><\/td><td><br>Las cookies de sesi\u00f3n son aquellas que duran el tiempo que el usuario est\u00e1 navegando por la p\u00e1gina Web y se borran al cerrar el navegador.<br><\/td><\/tr><tr><td><br><br><strong>Cookies persistentes<\/strong><\/td><td><br>Estas cookies quedan almacenadas en el terminal del usuario hasta que son eliminadas manualmente o haya concluido el periodo de duraci\u00f3n establecido para dicha cookie.<br><\/td><\/tr><\/tbody><\/table><\/figure>\n\n\n\n<p><br><strong>Seg\u00fan su titularidad:<\/strong><\/p>\n\n\n\n<figure class=\"wp-block-table\"><table><tbody><tr><td><br><strong>Cookies propias<\/strong><\/td><td><br>Aqu\u00e9llas que se env\u00edan al equipo terminal del usuario desde un equipo o dominio gestionado por el propio editor y desde el que se presta el servicio solicitado por el usuario.<br><\/td><\/tr><tr><td><br><br><strong>Cookies de terceros<\/strong><\/td><td><br>Aqu\u00e9llas que se env\u00edan al equipo terminal del usuario desde un equipo o dominio que no es gestionado por el editor, sino por otra entidad que trata los datos obtenidos trav\u00e9s de las cookies.<\/td><\/tr><\/tbody><\/table><\/figure>\n\n\n\n<p><br><strong>La siguiente tabla recoge la clasificaci\u00f3n y descripci\u00f3n de las cookies utilizadas en la presente p\u00e1gina web para que puedas identificarlas en tu navegador:<\/strong><\/p>\n\n\n\n<div class=\"cky-audit-table-element\"><\/div>\n\n\n\n<p><\/p>\n\n\n\n<p>GRUPO LAVINIA utiliza cookies t\u00e9cnicas, de personalizaci\u00f3n, an\u00e1lisis (y publicitarias) propias y de terceros, que tratan datos de conexi\u00f3n y\/o del dispositivo, as\u00ed como h\u00e1bitos de navegaci\u00f3n para fines estad\u00edsticos (y publicitarios).<\/p>\n\n\n\n<p>Por ello, al acceder a nuestra web, en cumplimiento del art\u00edculo 22 de la Ley de Servicios de la Sociedad de la Informaci\u00f3n le hemos solicitado su consentimiento para su uso.&nbsp;<\/p>\n\n\n\n<p>El suministro de datos personales a trav\u00e9s de nuestro portal y el consentimiento para el uso de cookies requiere una edad m\u00ednima de 14 a\u00f1os y la aceptaci\u00f3n expresa de nuestra Pol\u00edtica de Privacidad.<\/p>\n\n\n\n<p><br><strong>De todas formas, le informamos que puede activar o desactivar las cookies siguiendo las instrucciones de su navegador de Internet:<\/strong><\/p>\n\n\n\n<figure class=\"wp-block-table\"><table><tbody><tr><td><strong>Chrome<\/strong><br><\/td><td>Configuraci\u00f3n -&gt; Mostrar opciones avanzadas -&gt; Privacidad -&gt; Configuraci\u00f3n de contenido.<\/td><td><a href=\"https:\/\/support.google.com\">https:\/\/support.google.com<\/a><br><\/td><td><br><\/td><\/tr><tr><td><br><strong>Firefox<\/strong><br><\/td><td>Herramientas -&gt; Opciones -&gt; Privacidad -&gt; Historial -&gt; Configuraci\u00f3n Personalizada.<\/td><td><a href=\"https:\/\/support.mozilla.org\">https:\/\/support.mozilla.org<\/a><\/td><td><br><\/td><\/tr><tr><td><strong>Internet Explorer<\/strong><br><\/td><td><br>Herramientas -&gt; Opciones de Internet -&gt; Privacidad -&gt; Configuraci\u00f3n.<br><\/td><td><a href=\"https:\/\/windows.microsoft.com\">https:\/\/windows.microsoft.com<\/a><\/td><td><br><\/td><\/tr><tr><td><strong>Opera<\/strong><br><\/td><td><br>Herramientas -&gt; Preferencias -&gt; Editar preferencias -&gt; Cookies.<br><\/td><td><a href=\"http:\/\/www.opera.com\/help\/tutorials\/security\/cookies\/\">http:\/\/www.opera.com\/help\/tutorials\/security\/cookies\/<\/a><\/td><td><br><\/td><\/tr><tr><td><br><strong>Safari<\/strong><br><\/td><td><br>Preferencias -&gt; Seguridad.<br><\/td><td><a href=\"http:\/\/www.apple.com\">http:\/\/www.apple.com<\/a><\/td><td><br><\/td><\/tr><tr><td><strong>Edge<\/strong><br><\/td><td><br>Configuraci\u00f3n -&gt; Ver configuraci\u00f3n avanzada -&gt; Privacidad y servicios -&gt; Cookies.<br><\/td><td><a href=\"https:\/\/privacy.microsoft.com\/es-es\/windows-10-microsoft-edge-and-privacy\">https:\/\/privacy.microsoft.com\/es-es\/windows-10-microsoft-edge-and-privacy<\/a><br><\/td><td><br><\/td><\/tr><\/tbody><\/table><\/figure>\n","protected":false},"excerpt":{"rendered":"\u00bfQu\u00e9 son las cookies?&nbsp; Las cookies son peque\u00f1os archivos de datos que se reciben en el terminal desde el sitio Web visitado y se usan para registrar ciertas interacciones de la navegaci\u00f3n en un sitio Web almacenando datos que podr\u00e1n ser actualizados y recuperados. Estos archivos se almacenan en el ordenador del usuario y contiene&#8230;","protected":false},"author":14,"featured_media":0,"parent":0,"menu_order":0,"comment_status":"closed","ping_status":"closed","template":"","meta":[],"acf":[],"_links":{"self":[{"href":"https:\/\/www.goroka.tv\/es\/wp-json\/wp\/v2\/pages\/4307"}],"collection":[{"href":"https:\/\/www.goroka.tv\/es\/wp-json\/wp\/v2\/pages"}],"about":[{"href":"https:\/\/www.goroka.tv\/es\/wp-json\/wp\/v2\/types\/page"}],"author":[{"embeddable":true,"href":"https:\/\/www.goroka.tv\/es\/wp-json\/wp\/v2\/users\/14"}],"replies":[{"embeddable":true,"href":"https:\/\/www.goroka.tv\/es\/wp-json\/wp\/v2\/comments?post=4307"}],"version-history":[{"count":6,"href":"https:\/\/www.goroka.tv\/es\/wp-json\/wp\/v2\/pages\/4307\/revisions"}],"predecessor-version":[{"id":4336,"href":"https:\/\/www.goroka.tv\/es\/wp-json\/wp\/v2\/pages\/4307\/revisions\/4336"}],"wp:attachment":[{"href":"https:\/\/www.goroka.tv\/es\/wp-json\/wp\/v2\/media?parent=4307"}],"curies":[{"name":"wp","href":"https:\/\/api.w.org\/{rel}","templated":true}]}}